{"id":5,"date":"2021-01-10T17:02:47","date_gmt":"2021-01-10T17:02:47","guid":{"rendered":"http:\/\/acuamaresp.com\/?page_id=5"},"modified":"2021-01-11T18:10:07","modified_gmt":"2021-01-11T18:10:07","slug":"crea-tu-web-con-bloques","status":"publish","type":"page","link":"https:\/\/acuamaresp.com\/","title":{"rendered":"ACUAMAR E.S.P"},"content":{"rendered":"\n<h2 class=\"alignwide has-text-align-center has-text-align-wide has-gigantic-font-size\" style=\"line-height:1.1\">Asociaci\u00f3n comunitaria de Acueducto Rural, Alcantarillado y Aseo de la Vereda Mararabe. <\/h2>\n\n\n\n<p><strong>Tame, Arauca<\/strong> <\/p>\n\n\n\n<div class=\"wp-block-image\"><figure class=\"aligncenter size-large is-resized\"><img loading=\"lazy\" src=\"http:\/\/acuamaresp.com\/wp-content\/uploads\/2021\/01\/126863506_194975162096835_2311656094605075791_n-1.jpg\" alt=\"\" class=\"wp-image-33\" width=\"570\" height=\"570\" srcset=\"https:\/\/acuamaresp.com\/wp-content\/uploads\/2021\/01\/126863506_194975162096835_2311656094605075791_n-1.jpg 960w, https:\/\/acuamaresp.com\/wp-content\/uploads\/2021\/01\/126863506_194975162096835_2311656094605075791_n-1-300x300.jpg 300w, https:\/\/acuamaresp.com\/wp-content\/uploads\/2021\/01\/126863506_194975162096835_2311656094605075791_n-1-150x150.jpg 150w, https:\/\/acuamaresp.com\/wp-content\/uploads\/2021\/01\/126863506_194975162096835_2311656094605075791_n-1-768x768.jpg 768w\" sizes=\"(max-width: 570px) 100vw, 570px\" \/><figcaption>Nuestro acueducto veredal cuenta con m\u00e1s de 40 a\u00f1os al servicio en la comunidad de la vereda Mararabe, hoy en d\u00eda es una asociaci\u00f3n comunitaria sin animo de lucro de inter\u00e9s social. <\/figcaption><\/figure><\/div>\n\n\n\n<p><strong>NUESTROS SERVICIOS<\/strong> <\/p>\n\n\n\n<div class=\"wp-block-columns alignwide are-vertically-aligned-top\">\n<div class=\"wp-block-column is-vertically-aligned-top\">\n<h3>ACUEDUCTO <\/h3>\n\n\n\n<p class=\"has-text-align-left\">Suministro de agua con las normas establecidas, optimizando y desarrollando la infraestructura adecuada con responsabilidad social y ambiental.<\/p>\n<\/div>\n\n\n\n<div class=\"wp-block-column is-vertically-aligned-top\">\n<h3>ALCANTARILLADO<\/h3>\n\n\n\n<p class=\"has-text-align-left\">Objetivo la recolecci\u00f3n de residuos, principalmente l\u00edquidos por medio de tuber\u00edas y conductos, evacuando aguas residuales o de lluvia.<\/p>\n<\/div>\n\n\n\n<div class=\"wp-block-column is-vertically-aligned-top\">\n<h3>ASEO <\/h3>\n\n\n\n<p class=\"has-text-align-left\">Objetivo la recolecci\u00f3n de residuos, principalmente s\u00f3lidos. Tambi\u00e9n se aplicar\u00e1 esta ley a las actividades complementarias de transporte, tratamiento, aprovechamiento y disposici\u00f3n final de tales residuos.\u00a0<\/p>\n<\/div>\n<\/div>\n\n\n\n<figure class=\"wp-block-gallery columns-3 is-cropped\"><ul class=\"blocks-gallery-grid\"><li class=\"blocks-gallery-item\"><figure><img loading=\"lazy\" width=\"1024\" height=\"576\" src=\"http:\/\/acuamaresp.com\/wp-content\/uploads\/2021\/01\/agua-potable-1280x720-1-1024x576.jpg\" alt=\"\" data-id=\"61\" data-full-url=\"http:\/\/acuamaresp.com\/wp-content\/uploads\/2021\/01\/agua-potable-1280x720-1.jpg\" data-link=\"http:\/\/acuamaresp.com\/index.php\/crea-tu-web-con-bloques\/agua-potable-1280x720-1\/\" class=\"wp-image-61\" srcset=\"https:\/\/acuamaresp.com\/wp-content\/uploads\/2021\/01\/agua-potable-1280x720-1-1024x576.jpg 1024w, https:\/\/acuamaresp.com\/wp-content\/uploads\/2021\/01\/agua-potable-1280x720-1-300x169.jpg 300w, https:\/\/acuamaresp.com\/wp-content\/uploads\/2021\/01\/agua-potable-1280x720-1-768x432.jpg 768w, https:\/\/acuamaresp.com\/wp-content\/uploads\/2021\/01\/agua-potable-1280x720-1.jpg 1280w\" sizes=\"(max-width: 1024px) 100vw, 1024px\" \/><\/figure><\/li><li class=\"blocks-gallery-item\"><figure><img loading=\"lazy\" width=\"640\" height=\"359\" src=\"http:\/\/acuamaresp.com\/wp-content\/uploads\/2021\/01\/Importancia-Medio-Ambiente.jpg\" alt=\"\" data-id=\"62\" data-full-url=\"http:\/\/acuamaresp.com\/wp-content\/uploads\/2021\/01\/Importancia-Medio-Ambiente.jpg\" data-link=\"http:\/\/acuamaresp.com\/index.php\/crea-tu-web-con-bloques\/importancia-medio-ambiente\/\" class=\"wp-image-62\" srcset=\"https:\/\/acuamaresp.com\/wp-content\/uploads\/2021\/01\/Importancia-Medio-Ambiente.jpg 640w, https:\/\/acuamaresp.com\/wp-content\/uploads\/2021\/01\/Importancia-Medio-Ambiente-300x168.jpg 300w\" sizes=\"(max-width: 640px) 100vw, 640px\" \/><\/figure><\/li><li class=\"blocks-gallery-item\"><figure><img loading=\"lazy\" width=\"1024\" height=\"576\" src=\"http:\/\/acuamaresp.com\/wp-content\/uploads\/2021\/01\/Portada-Reciclaje-un-acto-de-amor-al-planeta-1024x576.jpg\" alt=\"\" data-id=\"63\" data-full-url=\"http:\/\/acuamaresp.com\/wp-content\/uploads\/2021\/01\/Portada-Reciclaje-un-acto-de-amor-al-planeta.jpg\" data-link=\"http:\/\/acuamaresp.com\/index.php\/crea-tu-web-con-bloques\/portada-reciclaje-un-acto-de-amor-al-planeta\/\" class=\"wp-image-63\" srcset=\"https:\/\/acuamaresp.com\/wp-content\/uploads\/2021\/01\/Portada-Reciclaje-un-acto-de-amor-al-planeta-1024x576.jpg 1024w, https:\/\/acuamaresp.com\/wp-content\/uploads\/2021\/01\/Portada-Reciclaje-un-acto-de-amor-al-planeta-300x169.jpg 300w, https:\/\/acuamaresp.com\/wp-content\/uploads\/2021\/01\/Portada-Reciclaje-un-acto-de-amor-al-planeta-768x432.jpg 768w, https:\/\/acuamaresp.com\/wp-content\/uploads\/2021\/01\/Portada-Reciclaje-un-acto-de-amor-al-planeta.jpg 1140w\" sizes=\"(max-width: 1024px) 100vw, 1024px\" \/><\/figure><\/li><\/ul><\/figure>\n\n\n\n<div class=\"wp-block-buttons\">\n<div class=\"wp-block-button\"><a class=\"wp-block-button__link\">Ubicaci\u00f3n: Vereda Mararabe<\/a><\/div>\n\n\n\n<div class=\"wp-block-button\"><a class=\"wp-block-button__link\">Tame, Arauca <\/a><\/div>\n<\/div>\n\n\n\n<iframe src=\"https:\/\/www.google.com\/maps\/embed?pb=!1m18!1m12!1m3!1d31716.066481276583!2d-71.76302523310831!3d6.457093601024968!2m3!1f0!2f0!3f0!3m2!1i1024!2i768!4f13.1!3m3!1m2!1s0x8e6ec64f01bf76cb%3A0xec5810eae7b5dd3a!2sTame%2C%20Arauca!5e0!3m2!1ses!2sco!4v1610300981552!5m2!1ses!2sco\" width=\"600\" height=\"450\" frameborder=\"0\" style=\"border:0;\" allowfullscreen=\"\" aria-hidden=\"false\" tabindex=\"0\"><\/iframe>\n\n\n\n<blockquote class=\"wp-block-quote\"><p><em>Nunca reconoceremos el valor del agua hasta que el pozo este seco.<\/em><\/p><cite><em>Thomas Fuller.<\/em><\/cite><\/blockquote>\n","protected":false},"excerpt":{"rendered":"<p>Asociaci\u00f3n comunitaria de Acueducto Rural, Alcantarillado y Aseo de la Vereda Mararabe. Tame, Arauca NUESTROS SERVICIOS ACUEDUCTO Suministro de agua con las normas establecidas, optimizando y desarrollando la infraestructura adecuada con responsabilidad social y ambiental. ALCANTARILLADO Objetivo la recolecci\u00f3n de residuos, principalmente l\u00edquidos por medio de tuber\u00edas y conductos, evacuando aguas residuales o de lluvia. [&hellip;]<\/p>\n","protected":false},"author":1,"featured_media":0,"parent":0,"menu_order":0,"comment_status":"closed","ping_status":"closed","template":"","meta":[],"_links":{"self":[{"href":"https:\/\/acuamaresp.com\/index.php\/wp-json\/wp\/v2\/pages\/5"}],"collection":[{"href":"https:\/\/acuamaresp.com\/index.php\/wp-json\/wp\/v2\/pages"}],"about":[{"href":"https:\/\/acuamaresp.com\/index.php\/wp-json\/wp\/v2\/types\/page"}],"author":[{"embeddable":true,"href":"https:\/\/acuamaresp.com\/index.php\/wp-json\/wp\/v2\/users\/1"}],"replies":[{"embeddable":true,"href":"https:\/\/acuamaresp.com\/index.php\/wp-json\/wp\/v2\/comments?post=5"}],"version-history":[{"count":11,"href":"https:\/\/acuamaresp.com\/index.php\/wp-json\/wp\/v2\/pages\/5\/revisions"}],"predecessor-version":[{"id":97,"href":"https:\/\/acuamaresp.com\/index.php\/wp-json\/wp\/v2\/pages\/5\/revisions\/97"}],"wp:attachment":[{"href":"https:\/\/acuamaresp.com\/index.php\/wp-json\/wp\/v2\/media?parent=5"}],"curies":[{"name":"wp","href":"https:\/\/api.w.org\/{rel}","templated":true}]}}